{"id":120,"date":"2021-08-21T03:00:09","date_gmt":"2021-08-21T03:00:09","guid":{"rendered":"http:\/\/localhost:8888\/berrywhale\/cantera\/?page_id=120"},"modified":"2021-10-29T00:13:19","modified_gmt":"2021-10-29T00:13:19","slug":"terms-and-conditions","status":"publish","type":"page","link":"https:\/\/cantera1910.com\/en\/terms-and-conditions\/","title":{"rendered":"Terms and conditions"},"content":{"rendered":"\n<h2 class=\"wp-block-heading\">Terms and conditions <\/h2>\n\n\n\n<p>Es requisito necesario para la adquisici\u00f3n de los productos que se ofrecen en este sitio, que lea y acepte los siguientes T\u00e9rminos y Condiciones que a continuaci\u00f3n se redactan. El uso de nuestros servicios as\u00ed como la compra de nuestros productos implicar\u00e1 que usted ha le\u00eddo y aceptado los T\u00e9rminos y Condiciones de Uso en el presente documento. Todas los productos \u00a0que son ofrecidos por nuestro sitio web pudieran ser creadas, cobradas, enviadas o presentadas por una p\u00e1gina web tercera y en tal caso estar\u00edan sujetas a sus propios T\u00e9rminos y Condiciones. En algunos casos, para adquirir un producto, ser\u00e1 necesario el registro por parte del usuario, con ingreso de datos personales fidedignos y definici\u00f3n de una contrase\u00f1a.<br><br>The user can choose and change the password for his account management access at any time, in case he has registered and it is necessary for the purchase of any of our products. http:\/\/cantera1910.com assumes no responsibility in case he gives such password to third parties.<br><br>All purchases and transactions carried out through this website are subject to a confirmation and verification process, which may include verification of product stock and availability, validation of the payment method, validation of the invoice (if any) and compliance with the conditions required by the selected payment method. In some cases an e-mail verification may be required.<br><br>The prices of the products offered in this site are valid only for purchases made on this website.<br><br><strong>LICENSE<\/strong><br><br>Cantera 1910 through its website grants a license for users to use the products that are sold on this website according to the Terms and Conditions described in this document.<br><br><strong>UNAUTHORIZED USE<\/strong><br><br>If applicable (for sale of software, templets, or other design and programming product) you may not place one of our products, modified or unmodified, on a CD, website or any other media and offer them for redistribution or resale of any kind.<br><br><strong>PROPERTY<\/strong><br><br>You may not claim intellectual or exclusive ownership of any of our products, modified or unmodified. All products are the property of the content providers. Unless otherwise specified, our products are provided without warranty of any kind, express or implied. In no event shall this company be liable for any damages including, but not limited to, direct, indirect, special, incidental or consequential damages or other losses resulting from the use or inability to use our products.<br><strong><br>REFUND POLICY AND WARRANTY<\/strong><br><br>For products that are irrevocable non-tangible goods, we do not give refunds after the product is shipped, you have the responsibility to understand before you buy it. \u00a0We ask you to read carefully before you buy it. We only make exceptions to this rule when the description does not match the product. There are some products that may have warranty and refund possibilities but this will be specified at the time of purchase. In such cases the warranty will only cover manufacturing faults and will only be effective when the product has been used correctly. The warranty does not cover malfunctions or damage caused by improper use. The terms of the warranty are associated with manufacturing faults and operation under normal conditions of the products and these terms will only become effective if the equipment has been used correctly. This includes:<br><br>&#8211; According to the technical specifications indicated for each product.<br>&#8211; In environmental conditions according to the specifications indicated by the manufacturer.<br>&#8211; In specific use for the function for which it was designed at the factory.<br>&#8211; In electrical operating conditions according to the specifications and tolerances indicated.<\/p>\n\n\n\n<p><strong>ANTI-FRAUD CHECK<\/strong><br><br>The customer&#8217;s purchase may be postponed for anti-fraud checking. It may also be suspended for a longer period of time for a more rigorous investigation to avoid fraudulent transactions.<br><br><strong>PRIVACY<\/strong><br><br>This http:\/\/cantera1910.com ensures that the personal information you submit has the necessary security. The data entered by user or in the case of requiring a validation of orders will not be given to third parties, unless it must be disclosed in compliance with a court order or legal requirements.<br><br>Subscription to advertising e-mail newsletters is voluntary and may be selected at the time of creating your account.<br><br>Cantera 1910 reserves the right to change or modify these terms without notice.<br><\/p>\n","protected":false},"excerpt":{"rendered":"<p>Terms and conditions Es requisito necesario para la adquisici\u00f3n de los productos que se ofrecen en este sitio, que lea y acepte los siguientes T\u00e9rminos y Condiciones que a continuaci\u00f3n se redactan. El uso de nuestros servicios as\u00ed como la compra de nuestros productos implicar\u00e1 que usted ha le\u00eddo y aceptado los T\u00e9rminos y Condiciones [&hellip;]<\/p>\n","protected":false},"author":1,"featured_media":582,"parent":0,"menu_order":0,"comment_status":"closed","ping_status":"closed","template":"page-politicas.php","meta":{"footnotes":""},"class_list":["post-120","page","type-page","status-publish","has-post-thumbnail","hentry"],"_links":{"self":[{"href":"https:\/\/cantera1910.com\/en\/wp-json\/wp\/v2\/pages\/120","targetHints":{"allow":["GET"]}}],"collection":[{"href":"https:\/\/cantera1910.com\/en\/wp-json\/wp\/v2\/pages"}],"about":[{"href":"https:\/\/cantera1910.com\/en\/wp-json\/wp\/v2\/types\/page"}],"author":[{"embeddable":true,"href":"https:\/\/cantera1910.com\/en\/wp-json\/wp\/v2\/users\/1"}],"replies":[{"embeddable":true,"href":"https:\/\/cantera1910.com\/en\/wp-json\/wp\/v2\/comments?post=120"}],"version-history":[{"count":8,"href":"https:\/\/cantera1910.com\/en\/wp-json\/wp\/v2\/pages\/120\/revisions"}],"predecessor-version":[{"id":1603,"href":"https:\/\/cantera1910.com\/en\/wp-json\/wp\/v2\/pages\/120\/revisions\/1603"}],"wp:featuredmedia":[{"embeddable":true,"href":"https:\/\/cantera1910.com\/en\/wp-json\/wp\/v2\/media\/582"}],"wp:attachment":[{"href":"https:\/\/cantera1910.com\/en\/wp-json\/wp\/v2\/media?parent=120"}],"curies":[{"name":"wp","href":"https:\/\/api.w.org\/{rel}","templated":true}]}}